{"id":95,"date":"2022-02-17T14:07:15","date_gmt":"2022-02-17T13:07:15","guid":{"rendered":"https:\/\/on.cdpd.musepe.com\/oncdpd09\/?page_id=95"},"modified":"2022-03-01T13:36:04","modified_gmt":"2022-03-01T12:36:04","slug":"appel-a-laide","status":"publish","type":"page","link":"https:\/\/on.cdpd.musepe.com\/oncdpd09\/index.php\/appel-a-laide\/","title":{"rendered":"Appel \u00e0 l&rsquo;aide"},"content":{"rendered":"<div id=\"themify_builder_content-95\" data-postid=\"95\" class=\"themify_builder_content themify_builder_content-95 themify_builder tf_clear\">\n    \t<!-- module_row -->\n\t<div   data-css_id=\"tb_2mno109\" data-lazy=\"1\" class=\"themify_builder_row module_row tb_2mno109 tb_first clearfix\">\n\t    \t    <div class=\"row_inner col_align_top tf_box tf_w tf_rel\" >\n\t\t\t<div  data-lazy=\"1\" class=\"module_column tb-column col-full first tb_5vmm110 tf_box\">\n\t    \t    \t        <div class=\"tb-column-inner tf_box tf_w\">\n\t\t    <!-- module gallery -->\n<div  class=\"module gallery module-gallery tb_a7co716 layout-slider  \" data-lazy=\"1\">\n                <div class=\"swiper-container tf_carousel themify_builder_slider tf_rel tf_overflow\"\n\tdata-pager=\"0\"\n\t data-lazy=\"1\"\t\t\tdata-thumbs=\"tb_a7co716_thumbs\"\n\t\tdata-effect=\"scroll\" \n\t\tdata-css_url=\"https:\/\/on.cdpd.musepe.com\/oncdpd09\/wp-content\/themes\/ubase\/themify\/themify-builder\/css\/modules\/sliders\/carousel.css,https:\/\/on.cdpd.musepe.com\/oncdpd09\/wp-content\/themes\/ubase\/themify\/themify-builder\/css\/modules\/sliders\/gallery.css\"\n\t\t\t\tdata-auto=\"4\"\n\t\tdata-pause_hover=\"1\"\n\t\t\t\tdata-speed=\"1\"\n\tdata-wrapvar=\"1\"\n\tdata-slider_nav=\"0\"\n\tdata-height=\"variable\"\n\t>\n\t<div class=\"swiper-wrapper tf_lazy tf_rel tf_w tf_h tf_textc\">\n\t\t\t\t\t<div class=\"swiper-slide\">\n\t\t\t<div class=\"slide-inner-wrap\">\n\t\t\t\t<div class=\"tf_lazy slide-image gallery-icon\"><a href=\"https:\/\/on.cdpd.musepe.com\/oncdpd09\/wp-content\/uploads\/2022\/02\/group-happy-diverse-volunteers-300x200.jpg\" class=\"themify_lightbox\"><img loading=\"lazy\" decoding=\"async\" width=\"2560\" height=\"1707\" src=\"https:\/\/on.cdpd.musepe.com\/oncdpd09\/wp-content\/uploads\/2022\/02\/group-happy-diverse-volunteers-scaled.jpg\" class=\"wp-post-image wp-image-43\" title=\"Group of happy and diverse volunteers\" data-tf-not-load=\"1\" alt=\"Group of happy and diverse volunteers\" srcset=\"https:\/\/on.cdpd.musepe.com\/oncdpd09\/wp-content\/uploads\/2022\/02\/group-happy-diverse-volunteers-scaled.jpg 2560w, https:\/\/on.cdpd.musepe.com\/oncdpd09\/wp-content\/uploads\/2022\/02\/group-happy-diverse-volunteers-1024x683-300x200.jpg 300w, https:\/\/on.cdpd.musepe.com\/oncdpd09\/wp-content\/uploads\/2022\/02\/group-happy-diverse-volunteers-1024x683.jpg 1024w, https:\/\/on.cdpd.musepe.com\/oncdpd09\/wp-content\/uploads\/2022\/02\/group-happy-diverse-volunteers-768x512.jpg 768w\" sizes=\"auto, (max-width: 2560px) 100vw, 2560px\" \/><\/a>\t\t\t\t<\/div>\n\t\t\t\t\t\t\t\t\t<div class=\"slide-content\">\n\t\t\t\t\t\t<p>Group of happy and diverse volunteers<\/p>\t\t\t\t\t<\/div><!-- \/slide-content -->\n\t\t\t\t\t\t\t<\/div><\/div>\n\t\t\t\t\t<div class=\"swiper-slide\">\n\t\t\t<div class=\"slide-inner-wrap\">\n\t\t\t\t<div class=\"tf_lazy slide-image gallery-icon\"><a href=\"https:\/\/on.cdpd.musepe.com\/oncdpd09\/wp-content\/uploads\/2022\/02\/htill\u041c\u043e\u043d\u0442\u0430\u0436\u043d\u0430\u044f-\u043e\u0431\u043b\u0430\u0441\u0442\u044c-59-300x158.png\" class=\"themify_lightbox\"><img loading=\"lazy\" decoding=\"async\" width=\"3116\" height=\"1640\" src=\"https:\/\/on.cdpd.musepe.com\/oncdpd09\/wp-content\/uploads\/2022\/02\/htill\u041c\u043e\u043d\u0442\u0430\u0436\u043d\u0430\u044f-\u043e\u0431\u043b\u0430\u0441\u0442\u044c-59.png\" class=\"wp-post-image wp-image-50\" title=\"htill\u041c\u043e\u043d\u0442\u0430\u0436\u043d\u0430\u044f \u043e\u0431\u043b\u0430\u0441\u0442\u044c 59\" data-tf-not-load=\"1\" alt=\"htill\u041c\u043e\u043d\u0442\u0430\u0436\u043d\u0430\u044f \u043e\u0431\u043b\u0430\u0441\u0442\u044c 59\" srcset=\"https:\/\/on.cdpd.musepe.com\/oncdpd09\/wp-content\/uploads\/2022\/02\/htill\u041c\u043e\u043d\u0442\u0430\u0436\u043d\u0430\u044f-\u043e\u0431\u043b\u0430\u0441\u0442\u044c-59.png 3116w, https:\/\/on.cdpd.musepe.com\/oncdpd09\/wp-content\/uploads\/2022\/02\/htill\u041c\u043e\u043d\u0442\u0430\u0436\u043d\u0430\u044f-\u043e\u0431\u043b\u0430\u0441\u0442\u044c-59-300x158.png 300w, https:\/\/on.cdpd.musepe.com\/oncdpd09\/wp-content\/uploads\/2022\/02\/htill\u041c\u043e\u043d\u0442\u0430\u0436\u043d\u0430\u044f-\u043e\u0431\u043b\u0430\u0441\u0442\u044c-59-1024x539.png 1024w, https:\/\/on.cdpd.musepe.com\/oncdpd09\/wp-content\/uploads\/2022\/02\/htill\u041c\u043e\u043d\u0442\u0430\u0436\u043d\u0430\u044f-\u043e\u0431\u043b\u0430\u0441\u0442\u044c-59-768x404.png 768w, https:\/\/on.cdpd.musepe.com\/oncdpd09\/wp-content\/uploads\/2022\/02\/htill\u041c\u043e\u043d\u0442\u0430\u0436\u043d\u0430\u044f-\u043e\u0431\u043b\u0430\u0441\u0442\u044c-59-1536x808.png 1536w, https:\/\/on.cdpd.musepe.com\/oncdpd09\/wp-content\/uploads\/2022\/02\/htill\u041c\u043e\u043d\u0442\u0430\u0436\u043d\u0430\u044f-\u043e\u0431\u043b\u0430\u0441\u0442\u044c-59-2048x1078.png 2048w\" sizes=\"auto, (max-width: 3116px) 100vw, 3116px\" \/><\/a>\t\t\t\t<\/div>\n\t\t\t\t\t\t\t<\/div><\/div>\n\t\t\t\t\t<div class=\"swiper-slide\">\n\t\t\t<div class=\"slide-inner-wrap\">\n\t\t\t\t<div class=\"tf_lazy slide-image gallery-icon\"><a href=\"https:\/\/on.cdpd.musepe.com\/oncdpd09\/wp-content\/uploads\/2022\/03\/111951531_de40-300x169.jpg\" class=\"themify_lightbox\"><img loading=\"lazy\" decoding=\"async\" width=\"976\" height=\"549\" src=\"https:\/\/on.cdpd.musepe.com\/oncdpd09\/wp-content\/uploads\/2022\/03\/111951531_de40.jpg\" class=\"wp-post-image wp-image-138\" title=\"_111951531_de40\" data-tf-not-load=\"1\" alt=\"_111951531_de40\" srcset=\"https:\/\/on.cdpd.musepe.com\/oncdpd09\/wp-content\/uploads\/2022\/03\/111951531_de40.jpg 976w, https:\/\/on.cdpd.musepe.com\/oncdpd09\/wp-content\/uploads\/2022\/03\/111951531_de40-300x169.jpg 300w, https:\/\/on.cdpd.musepe.com\/oncdpd09\/wp-content\/uploads\/2022\/03\/111951531_de40-768x432.jpg 768w\" sizes=\"auto, (max-width: 976px) 100vw, 976px\" \/><\/a>\t\t\t\t<\/div>\n\t\t\t\t\t\t\t<\/div><\/div>\n\t\t\t<\/div>\n<\/div>\n                <div class=\"themify_builder_slider_vertical tf_rel\">\n    <div class=\"swiper-container tf_carousel themify_builder_slider themify_builder_slider_vertical tb_a7co716_thumbs tf_rel tf_overflow\"\n\tdata-pager=\"0\"\n\t data-lazy=\"1\"\t        data-thumbs-id=\"tb_a7co716_thumbs\"\n\t\tdata-visible=\"4\" \n\t\tdata-tbreakpoints=\"1024\"\n\t\tdata-mbreakpoints=\"600\"\n\t\tdata-tab-visible=\"0\"\n\t\tdata-mob-visible=\"0\"\n\t\t\t\tdata-auto=\"4\"\n\t\tdata-pause_hover=\"1\"\n\t\t\t\t\tdata-controller=\"0\"\n\t\t\t\tdata-speed=\"1\"\n\tdata-wrapvar=\"1\"\n\tdata-slider_nav=\"1\"\n\tdata-height=\"variable\"\n\t>\n\t<div class=\"swiper-wrapper tf_lazy tf_rel tf_w tf_h tf_textc\">\n\t\t\t\t\t<div class=\"swiper-slide\">\n\t\t\t<div class=\"slide-inner-wrap\">\n\t\t\t\t<div class=\"tf_lazy slide-image gallery-icon\"><img loading=\"lazy\" decoding=\"async\" src=\"https:\/\/on.cdpd.musepe.com\/oncdpd09\/wp-content\/uploads\/2022\/02\/group-happy-diverse-volunteers-1024x683-300x200.jpg\" width=\"300\" height=\"200\" class=\"wp-post-image wp-image-43\" title=\"Group of happy and diverse volunteers\" data-tf-not-load=\"1\" alt=\"Group of happy and diverse volunteers\" srcset=\"https:\/\/on.cdpd.musepe.com\/oncdpd09\/wp-content\/uploads\/2022\/02\/group-happy-diverse-volunteers-1024x683-300x200.jpg 300w, https:\/\/on.cdpd.musepe.com\/oncdpd09\/wp-content\/uploads\/2022\/02\/group-happy-diverse-volunteers-1024x683.jpg 1024w, https:\/\/on.cdpd.musepe.com\/oncdpd09\/wp-content\/uploads\/2022\/02\/group-happy-diverse-volunteers-768x512.jpg 768w\" sizes=\"auto, (max-width: 300px) 100vw, 300px\" \/>\t\t\t\t<\/div>\n\t\t\t\t\t\t\t<\/div><\/div>\n\t\t\t\t\t<div class=\"swiper-slide\">\n\t\t\t<div class=\"slide-inner-wrap\">\n\t\t\t\t<div class=\"tf_lazy slide-image gallery-icon\"><img loading=\"lazy\" decoding=\"async\" src=\"https:\/\/on.cdpd.musepe.com\/oncdpd09\/wp-content\/uploads\/2022\/02\/htill\u041c\u043e\u043d\u0442\u0430\u0436\u043d\u0430\u044f-\u043e\u0431\u043b\u0430\u0441\u0442\u044c-59-1024x539-300x200.png\" width=\"300\" height=\"200\" class=\"wp-post-image wp-image-50\" title=\"htill\u041c\u043e\u043d\u0442\u0430\u0436\u043d\u0430\u044f \u043e\u0431\u043b\u0430\u0441\u0442\u044c 59\" data-tf-not-load=\"1\" alt=\"htill\u041c\u043e\u043d\u0442\u0430\u0436\u043d\u0430\u044f \u043e\u0431\u043b\u0430\u0441\u0442\u044c 59\">\t\t\t\t<\/div>\n\t\t\t\t\t\t\t<\/div><\/div>\n\t\t\t\t\t<div class=\"swiper-slide\">\n\t\t\t<div class=\"slide-inner-wrap\">\n\t\t\t\t<div class=\"tf_lazy slide-image gallery-icon\"><img loading=\"lazy\" decoding=\"async\" src=\"https:\/\/on.cdpd.musepe.com\/oncdpd09\/wp-content\/uploads\/2022\/03\/111951531_de40-300x200.jpg\" width=\"300\" height=\"200\" class=\"wp-post-image wp-image-138\" title=\"_111951531_de40\" data-tf-not-load=\"1\" alt=\"_111951531_de40\">\t\t\t\t<\/div>\n\t\t\t\t\t\t\t<\/div><\/div>\n\t\t\t<\/div>\n<\/div>\n            <\/div>\n    \n<\/div>\n<!-- \/module gallery -->\n\t        <\/div>\n\t    \t<\/div>\n\t\t    <\/div>\n\t    <!-- \/row_inner -->\n\t<\/div>\n\t<!-- \/module_row -->\n\t\t<!-- module_row -->\n\t<div  data-css_id=\"tb_ijam481\" data-lazy=\"1\" class=\"themify_builder_row module_row tb_ijam481 clearfix\">\n\t    \t    <div class=\"row_inner col_align_top tf_box tf_w tf_rel\" >\n\t\t\t<div  data-lazy=\"1\" class=\"module_column tb-column col-full first tb_qqo3481 tf_box\">\n\t    \t    \t        <div class=\"tb-column-inner tf_box tf_w\">\n\t\t    <!-- module text -->\n<div  class=\"module module-text tb_4unn702   \" data-lazy=\"1\">\n            <div  class=\"tb_text_wrap\">\n    <h2 style=\"text-align: center;\">Appel \u00e0 l&rsquo;aide<\/h2>    <\/div>\n<\/div>\n<!-- \/module text --><!-- module accordion -->\n<div  class=\"module module-accordion tb_7mjj163 \" data-behavior=\"toggle\" data-lazy=\"1\">\n        \n    <ul class=\"ui module-accordion plus-icon-button  tb_default_color\">\n\t\t    <li>\n\t\t\t<div class=\"accordion-title tf_rel\">\n\t\t\t\t<a href=\"#acc-7mjj163-0\" aria-controls=\"acc-7mjj163-0\" aria-expanded=\"false\">\n\t\t\t\t\t\t\t\t\t\t\t\t<span class=\"tb_title_accordion tf_w\">Veillez Remplir le formuaire suivant<\/span>\n\t\t\t\t<\/a>\n\t\t\t<\/div><!-- .accordion-title -->\n\n\t\t\t<div data-id=\"acc-7mjj163-0\" aria-hidden=\"true\" class=\"accordion-content tf_hide\">\n\n\t\t\t\t\n\t\t\t<\/div><!-- .accordion-content -->\n\t    <\/li>\n\t    <\/ul>\n\n<\/div><!-- \/module accordion --><!-- module text -->\n<div  class=\"module module-text tb_koa9834   \" data-lazy=\"1\">\n            <div  class=\"tb_text_wrap\">\n    <p>Dans ce formulaire vous devriez d\u00e9crire le besoin d&rsquo;aide de la personne concern\u00e9.<\/p>\n<p>Apr\u00e8s avoir envoy\u00e9 ce formulaire nous vous contacterons pour plus d&rsquo;informations puis nous le publierons sur le site. Merci<\/p>    <\/div>\n<\/div>\n<!-- \/module text --><!-- module plain text -->\n<div data-lazy=\"1\"  class=\"module module-plain-text tb_kjxw596 \" data-lazy=\"1\">\n        <div class=\"tb_text_wrap\" >\n\t<div class=\"wpforms-container wpforms-container-full\" id=\"wpforms-130\"><form id=\"wpforms-form-130\" class=\"wpforms-validate wpforms-form wpforms-ajax-form\" data-formid=\"130\" method=\"post\" enctype=\"multipart\/form-data\" action=\"\/oncdpd09\/index.php\/wp-json\/wp\/v2\/pages\/95\" data-token=\"be8bc9394bb45e9b86ff1f1db2d2fa49\"><noscript class=\"wpforms-error-noscript\">Veuillez activer JavaScript dans votre navigateur pour remplir ce formulaire.<\/noscript><div class=\"wpforms-field-container\"><div id=\"wpforms-130-field_2-container\" class=\"wpforms-field wpforms-field-name wpforms-one-half wpforms-first\" data-field-id=\"2\"><label class=\"wpforms-field-label\" for=\"wpforms-130-field_2\">Nom<\/label><div class=\"wpforms-field-row wpforms-field-medium\"><div class=\"wpforms-field-row-block wpforms-first wpforms-one-half\"><input type=\"text\" id=\"wpforms-130-field_2\" class=\"wpforms-field-name-first\" name=\"wpforms[fields][2][first]\" ><label for=\"wpforms-130-field_2\" class=\"wpforms-field-sublabel after \">Pr\u00e9nom<\/label><\/div><div class=\"wpforms-field-row-block wpforms-one-half\"><input type=\"text\" id=\"wpforms-130-field_2-last\" class=\"wpforms-field-name-last\" name=\"wpforms[fields][2][last]\" ><label for=\"wpforms-130-field_2-last\" class=\"wpforms-field-sublabel after \">Nom<\/label><\/div><\/div><\/div><div id=\"wpforms-130-field_3-container\" class=\"wpforms-field wpforms-field-email wpforms-one-half wpforms-first\" data-field-id=\"3\"><label class=\"wpforms-field-label\" for=\"wpforms-130-field_3\">E-mail <span class=\"wpforms-required-label\">*<\/span><\/label><input type=\"email\" id=\"wpforms-130-field_3\" class=\"wpforms-field-medium wpforms-field-required\" name=\"wpforms[fields][3]\" spellcheck=\"false\" required><\/div><div id=\"wpforms-130-field_6-container\" class=\"wpforms-field wpforms-field-text wpforms-one-half wpforms-first\" data-field-id=\"6\"><label class=\"wpforms-field-label\" for=\"wpforms-130-field_6\">T\u00e9l\u00e9phone (2numero de pr\u00e9ference) <span class=\"wpforms-required-label\">*<\/span><\/label><input type=\"text\" id=\"wpforms-130-field_6\" class=\"wpforms-field-medium wpforms-field-required\" name=\"wpforms[fields][6]\" required><\/div><div id=\"wpforms-130-field_5-container\" class=\"wpforms-field wpforms-field-textarea wpforms-one-half wpforms-first\" data-field-id=\"5\"><label class=\"wpforms-field-label\" for=\"wpforms-130-field_5\">Description (les informations concernant la personne \u00e0 aider) <span class=\"wpforms-required-label\">*<\/span><\/label><textarea id=\"wpforms-130-field_5\" class=\"wpforms-field-medium wpforms-field-required\" name=\"wpforms[fields][5]\" required><\/textarea><\/div><\/div><!-- .wpforms-field-container --><div class=\"wpforms-submit-container\" ><input type=\"hidden\" name=\"wpforms[id]\" value=\"130\"><input type=\"hidden\" name=\"wpforms[author]\" value=\"1\"><button type=\"submit\" name=\"wpforms[submit]\" id=\"wpforms-submit-130\" class=\"wpforms-submit\" data-alt-text=\"Envoi...\" data-submit-text=\"Envoyer\" aria-live=\"assertive\" value=\"wpforms-submit\">Envoyer<\/button><img loading=\"lazy\" decoding=\"async\" src=\"https:\/\/on.cdpd.musepe.com\/oncdpd09\/wp-content\/plugins\/wpforms-lite\/assets\/images\/submit-spin.svg\" class=\"wpforms-submit-spinner\" style=\"display: none;\" width=\"26\" height=\"26\" alt=\"Chargement en cours\"><\/div><\/form><\/div>  <!-- .wpforms-container --> \n    <\/div>\n<\/div>\n<!-- \/module plain text -->\t        <\/div>\n\t    \t<\/div>\n\t\t    <\/div>\n\t    <!-- \/row_inner -->\n\t<\/div>\n\t<!-- \/module_row -->\n\t<\/div>\n\n","protected":false},"excerpt":{"rendered":"<p>Appel \u00e0 l&rsquo;aide Veillez Remplir le formuaire suivant Dans ce formulaire vous devriez d\u00e9crire le besoin d&rsquo;aide de la personne concern\u00e9. Apr\u00e8s avoir envoy\u00e9 ce formulaire nous vous contacterons pour plus d&rsquo;informations puis nous le publierons sur le site. Merci<\/p>\n","protected":false},"author":1,"featured_media":0,"parent":0,"menu_order":0,"comment_status":"closed","ping_status":"closed","template":"","meta":{"_bbp_topic_count":0,"_bbp_reply_count":0,"_bbp_total_topic_count":0,"_bbp_total_reply_count":0,"_bbp_voice_count":0,"_bbp_anonymous_reply_count":0,"_bbp_topic_count_hidden":0,"_bbp_reply_count_hidden":0,"_bbp_forum_subforum_count":0,"footnotes":""},"class_list":["post-95","page","type-page","status-publish","hentry","has-post-title","has-post-date","has-post-category","has-post-tag","has-post-comment","has-post-author",""],"yoast_head":"<!-- This site is optimized with the Yoast SEO plugin v20.5 - https:\/\/yoast.com\/wordpress\/plugins\/seo\/ -->\n<title>Appel \u00e0 l&#039;aide - Helps Them<\/title>\n<meta name=\"robots\" content=\"index, follow, max-snippet:-1, max-image-preview:large, max-video-preview:-1\" \/>\n<link rel=\"canonical\" href=\"https:\/\/on.cdpd.musepe.com\/oncdpd09\/index.php\/appel-a-laide\/\" \/>\n<meta property=\"og:locale\" content=\"fr_FR\" \/>\n<meta property=\"og:type\" content=\"article\" \/>\n<meta property=\"og:title\" content=\"Appel \u00e0 l&#039;aide - Helps Them\" \/>\n<meta property=\"og:description\" content=\"Appel \u00e0 l&rsquo;aide Veillez Remplir le formuaire suivant Dans ce formulaire vous devriez d\u00e9crire le besoin d&rsquo;aide de la personne concern\u00e9. Apr\u00e8s avoir envoy\u00e9 ce formulaire nous vous contacterons pour plus d&rsquo;informations puis nous le publierons sur le site. Merci\" \/>\n<meta property=\"og:url\" content=\"https:\/\/on.cdpd.musepe.com\/oncdpd09\/index.php\/appel-a-laide\/\" \/>\n<meta property=\"og:site_name\" content=\"Helps Them\" \/>\n<meta property=\"article:modified_time\" content=\"2022-03-01T12:36:04+00:00\" \/>\n<meta name=\"twitter:card\" content=\"summary_large_image\" \/>\n<script type=\"application\/ld+json\" class=\"yoast-schema-graph\">{\"@context\":\"https:\/\/schema.org\",\"@graph\":[{\"@type\":\"WebPage\",\"@id\":\"https:\/\/on.cdpd.musepe.com\/oncdpd09\/index.php\/appel-a-laide\/\",\"url\":\"https:\/\/on.cdpd.musepe.com\/oncdpd09\/index.php\/appel-a-laide\/\",\"name\":\"Appel \u00e0 l'aide - Helps Them\",\"isPartOf\":{\"@id\":\"https:\/\/on.cdpd.musepe.com\/oncdpd09\/#website\"},\"datePublished\":\"2022-02-17T13:07:15+00:00\",\"dateModified\":\"2022-03-01T12:36:04+00:00\",\"breadcrumb\":{\"@id\":\"https:\/\/on.cdpd.musepe.com\/oncdpd09\/index.php\/appel-a-laide\/#breadcrumb\"},\"inLanguage\":\"fr-FR\",\"potentialAction\":[{\"@type\":\"ReadAction\",\"target\":[\"https:\/\/on.cdpd.musepe.com\/oncdpd09\/index.php\/appel-a-laide\/\"]}]},{\"@type\":\"BreadcrumbList\",\"@id\":\"https:\/\/on.cdpd.musepe.com\/oncdpd09\/index.php\/appel-a-laide\/#breadcrumb\",\"itemListElement\":[{\"@type\":\"ListItem\",\"position\":1,\"name\":\"Accueil\",\"item\":\"https:\/\/on.cdpd.musepe.com\/oncdpd09\/\"},{\"@type\":\"ListItem\",\"position\":2,\"name\":\"Appel \u00e0 l&rsquo;aide\"}]},{\"@type\":\"WebSite\",\"@id\":\"https:\/\/on.cdpd.musepe.com\/oncdpd09\/#website\",\"url\":\"https:\/\/on.cdpd.musepe.com\/oncdpd09\/\",\"name\":\"Helps Them\",\"description\":\"Soutenons les d\u00e9minies\",\"potentialAction\":[{\"@type\":\"SearchAction\",\"target\":{\"@type\":\"EntryPoint\",\"urlTemplate\":\"https:\/\/on.cdpd.musepe.com\/oncdpd09\/?s={search_term_string}\"},\"query-input\":\"required name=search_term_string\"}],\"inLanguage\":\"fr-FR\"}]}<\/script>\n<!-- \/ Yoast SEO plugin. -->","yoast_head_json":{"title":"Appel \u00e0 l'aide - Helps Them","robots":{"index":"index","follow":"follow","max-snippet":"max-snippet:-1","max-image-preview":"max-image-preview:large","max-video-preview":"max-video-preview:-1"},"canonical":"https:\/\/on.cdpd.musepe.com\/oncdpd09\/index.php\/appel-a-laide\/","og_locale":"fr_FR","og_type":"article","og_title":"Appel \u00e0 l'aide - Helps Them","og_description":"Appel \u00e0 l&rsquo;aide Veillez Remplir le formuaire suivant Dans ce formulaire vous devriez d\u00e9crire le besoin d&rsquo;aide de la personne concern\u00e9. Apr\u00e8s avoir envoy\u00e9 ce formulaire nous vous contacterons pour plus d&rsquo;informations puis nous le publierons sur le site. Merci","og_url":"https:\/\/on.cdpd.musepe.com\/oncdpd09\/index.php\/appel-a-laide\/","og_site_name":"Helps Them","article_modified_time":"2022-03-01T12:36:04+00:00","twitter_card":"summary_large_image","schema":{"@context":"https:\/\/schema.org","@graph":[{"@type":"WebPage","@id":"https:\/\/on.cdpd.musepe.com\/oncdpd09\/index.php\/appel-a-laide\/","url":"https:\/\/on.cdpd.musepe.com\/oncdpd09\/index.php\/appel-a-laide\/","name":"Appel \u00e0 l'aide - Helps Them","isPartOf":{"@id":"https:\/\/on.cdpd.musepe.com\/oncdpd09\/#website"},"datePublished":"2022-02-17T13:07:15+00:00","dateModified":"2022-03-01T12:36:04+00:00","breadcrumb":{"@id":"https:\/\/on.cdpd.musepe.com\/oncdpd09\/index.php\/appel-a-laide\/#breadcrumb"},"inLanguage":"fr-FR","potentialAction":[{"@type":"ReadAction","target":["https:\/\/on.cdpd.musepe.com\/oncdpd09\/index.php\/appel-a-laide\/"]}]},{"@type":"BreadcrumbList","@id":"https:\/\/on.cdpd.musepe.com\/oncdpd09\/index.php\/appel-a-laide\/#breadcrumb","itemListElement":[{"@type":"ListItem","position":1,"name":"Accueil","item":"https:\/\/on.cdpd.musepe.com\/oncdpd09\/"},{"@type":"ListItem","position":2,"name":"Appel \u00e0 l&rsquo;aide"}]},{"@type":"WebSite","@id":"https:\/\/on.cdpd.musepe.com\/oncdpd09\/#website","url":"https:\/\/on.cdpd.musepe.com\/oncdpd09\/","name":"Helps Them","description":"Soutenons les d\u00e9minies","potentialAction":[{"@type":"SearchAction","target":{"@type":"EntryPoint","urlTemplate":"https:\/\/on.cdpd.musepe.com\/oncdpd09\/?s={search_term_string}"},"query-input":"required name=search_term_string"}],"inLanguage":"fr-FR"}]}},"builder_content":"[gallery ids=\"43,50,138\"]\n<h2 style=\"text-align: center;\">Appel \u00e0 l'aide<\/h2>\n<ul><li><h4>Veillez Remplir le formuaire suivant<\/h4><\/li><\/ul>\n<p>Dans ce formulaire vous devriez d\u00e9crire le besoin d'aide de la personne concern\u00e9.<\/p> <p>Apr\u00e8s avoir envoy\u00e9 ce formulaire nous vous contacterons pour plus d'informations puis nous le publierons sur le site. Merci<\/p>\n[wpforms id=\"130\"]","_links":{"self":[{"href":"https:\/\/on.cdpd.musepe.com\/oncdpd09\/index.php\/wp-json\/wp\/v2\/pages\/95","targetHints":{"allow":["GET"]}}],"collection":[{"href":"https:\/\/on.cdpd.musepe.com\/oncdpd09\/index.php\/wp-json\/wp\/v2\/pages"}],"about":[{"href":"https:\/\/on.cdpd.musepe.com\/oncdpd09\/index.php\/wp-json\/wp\/v2\/types\/page"}],"author":[{"embeddable":true,"href":"https:\/\/on.cdpd.musepe.com\/oncdpd09\/index.php\/wp-json\/wp\/v2\/users\/1"}],"replies":[{"embeddable":true,"href":"https:\/\/on.cdpd.musepe.com\/oncdpd09\/index.php\/wp-json\/wp\/v2\/comments?post=95"}],"version-history":[{"count":5,"href":"https:\/\/on.cdpd.musepe.com\/oncdpd09\/index.php\/wp-json\/wp\/v2\/pages\/95\/revisions"}],"predecessor-version":[{"id":139,"href":"https:\/\/on.cdpd.musepe.com\/oncdpd09\/index.php\/wp-json\/wp\/v2\/pages\/95\/revisions\/139"}],"wp:attachment":[{"href":"https:\/\/on.cdpd.musepe.com\/oncdpd09\/index.php\/wp-json\/wp\/v2\/media?parent=95"}],"curies":[{"name":"wp","href":"https:\/\/api.w.org\/{rel}","templated":true}]}}